{"id":117925,"date":"2023-05-10T14:55:13","date_gmt":"2023-05-10T14:55:13","guid":{"rendered":"https:\/\/yoss.eu.com\/?page_id=117925"},"modified":"2024-09-06T11:26:08","modified_gmt":"2024-09-06T11:26:08","slug":"imprint","status":"publish","type":"page","link":"https:\/\/yoss.eu.com\/en\/imprint\/","title":{"rendered":"Imprint"},"content":{"rendered":"<div class=\"wpb-content-wrapper\"><p>[vc_row][vc_column width=&#8221;1\/1&#8243;][vc_column_text uncode_shortcode_id=&#8221;312911&#8243;]<a href=\"https:\/\/www.yoss.eu.com\">https:\/\/www.yoss.eu.com<\/a><br \/>\n<a href=\"https:\/\/instagram.com\/yoss.vision?igshid=MzRlODBiNWFlZA==\" target=\"_blank\" rel=\"noopener\">https:\/\/instagram.com\/yoss.vision?igshid=MzRlODBiNWFlZA==<\/a><br \/>\n<a href=\"https:\/\/www.tiktok.com\/@yourownsuccessstory\" target=\"_blank\" rel=\"noopener\">https:\/\/www.tiktok.com\/@yourownsuccessstory<\/a><br \/>\n<a href=\"https:\/\/www.facebook.com\/people\/YOSS\/100092508215199\/\" target=\"_blank\" rel=\"noopener\">https:\/\/www.facebook.com\/people\/YOSS\/100092508215199\/<\/a><br \/>\n<a href=\"https:\/\/twitter.com\/YOSS_eu_com\" target=\"_blank\" rel=\"noopener\">https:\/\/twitter.com\/YOSS_eu_com<\/a><br \/>\n<a href=\"https:\/\/www.youtube.com\/@yourownsuccessstory\" target=\"_blank\" rel=\"noopener\">https:\/\/www.youtube.com\/@yourownsuccessstory<\/a><br \/>\n<a href=\"https:\/\/www.linkedin.com\/in\/yoss-your-own-success-story-6ab928286\/\" target=\"_blank\" rel=\"noopener\">https:\/\/www.linkedin.com\/in\/yoss-your-own-success-story-6ab928286\/<\/a>[\/vc_column_text][vc_column_text uncode_shortcode_id=&#8221;177451&#8243;]<strong>Medieninhaberin:<\/strong><br \/>\nTeam NuBer GmbH<br \/>\nParkstra\u00dfe 4d<br \/>\n2522 Oberwaltersdorf<\/p>\n<p>UID-Nr. ATU74751459<\/p>\n<p>FN 519442k (Landesgericht Wiener Neustadt)<\/p>\n<p>https:\/\/www.yoss.eu.com<br \/>\nKontaktformular: https:\/\/yoss.eu.com<br \/>\nE-Mail: <a href=\"mailto:office@yoss.eu.com\">office@yoss.eu.com<\/a><\/p>\n<p>Unternehmensgegenstand: Handel mit Waren aller Art<\/p>\n<p>Aufsichtsbeh\u00f6rde: Bezirkshauptmannschaft Baden<\/p>\n<p>Kammern: Mitglied der Wirtschaftskammer \u00d6sterreich, Wirtschaftskammer Nieder\u00f6sterreich (Fachgruppe Handel)<\/p>\n<p>Gewerbe-\/berufsrechtliche Vorschriften: \u00d6sterreichische Gewerbeordnung; Zugang \u00fcber das Rechtsinformationssystem des Bundes unter <a href=\"https:\/\/www.ris.bka.gv.at\/\" target=\"_blank\" rel=\"noopener\">https:\/\/www.ris.bka.gv.at\/<\/a><\/p>\n<p>Grundlegende Richtung des Web- und Social-Media-Auftritts: Information \u00fcber Waren und Dienstleistungen sowie \u00fcber Kontaktm\u00f6glichkeiten des Unternehmens<\/p>\n<p>Konzept &amp; Design: Chaka 2 <a href=\"https:\/\/www.chaka2.com\/\" target=\"_blank\" rel=\"noopener\">https:\/\/www.chaka2.com\/<\/a><br \/>\nFotos: \u00a9 Pexel[\/vc_column_text][vc_column_text uncode_shortcode_id=&#8221;112836&#8243;]<strong>Haftungsausschluss<\/strong><\/p>\n<p>Trotz sorgf\u00e4ltiger Erstellung dieser Website sowie der genannten Social-Media-Accounts wird keine Haftung f\u00fcr die Aktualit\u00e4t, Richtigkeit, Vollst\u00e4ndigkeit und\/oder Qualit\u00e4t der bereitgestellten Inhalte und Informationen \u00fcbernommen. Die online zur Verf\u00fcgung gestellten Inhalte sind unverbindlich und dienen lediglich der allgemeinen Information. Die M\u00f6glichkeit, Teile des Online-Auftritts\/-angebots oder den Gesamtauftritt ohne Vorank\u00fcndigung zu adaptieren, zu erweitern, zu l\u00f6schen und\/oder die Ver\u00f6ffentlichung tempor\u00e4r oder endg\u00fcltig einzustellen, ist ausdr\u00fccklich vorbehalten.<\/p>\n<p><strong>Links<\/strong><\/p>\n<p>Die Team NuBer GmbH hat keinen Einfluss auf die Inhalte sowie auf die Einhaltung rechtlicher, insbesondere urheberrechtlicher Vorschriften auf verlinkten Drittseiten, dh auf Seiten, deren Medieninhaberin sie nicht selbst ist. Sie schlie\u00dft jede Haftung f\u00fcr diese Drittseiten \u2013 das betrifft sowohl fremde Websites als auch fremde Social Media-Auftritte \u2013 aus. Zum Zeitpunkt der Verlinkung waren keine rechtswidrigen Inhalte oder sonstigen Rechtsverst\u00f6\u00dfe auf diesen Drittseiten ersichtlich. F\u00fcr allf\u00e4llige Sch\u00e4den, die iZm der Nutzung rechtswidriger, fehlerhafter und\/oder unvollst\u00e4ndiger Drittangebote, -inhalte und\/oder -informationen auftreten sollten, haftet ausschlie\u00dflich der\/die Anbieter:in der Seite, auf die verwiesen wurde. Sollte die Team NuBer GmbH auf rechtliche Probleme iZm verlinkten Seiten Dritter aufmerksam gemacht werden, wird der entsprechende Link umgehend beseitigt.<\/p>\n<p><strong>Urheberrecht<\/strong><\/p>\n<p>Die Inhalte dieser Website sowie der genannten Social Media-Auftritte (Texte, Fotos, Videos etc) sind urheberrechtlich gesch\u00fctzt. Sie d\u00fcrfen nur mit ausdr\u00fccklicher Genehmigung der Team NuBer GmbH verwendet werden. Die Team NuBer GmbH ist darum bem\u00fcht, die Urheber- und Nutzungsrechte Dritter zu wahren, selbst erstellte Fotos, Texte etc zu verwenden und\/oder Open-Source-Material zu nutzen. S\u00e4mtliche Urheber- bzw Nutzungsrechte f\u00fcr selbst erstellte Inhalte liegen ausschlie\u00dflich bei der Team NuBer GmbH. Jede Form der Verwendung und\/oder Verwertung ohne ihre ausdr\u00fcckliche Zustimmung, insbesondere Vervielf\u00e4ltigung, Verbreitung und\/oder Zurverf\u00fcgungstellung, ist untersagt.<\/p>\n<p><strong>Sonstiges<\/strong><\/p>\n<p>Sofern Teile bzw einzelne Formulierungen dieses Texts der geltenden Rechtslage nicht, nicht mehr oder nicht vollst\u00e4ndig entsprechen sollten, bleiben die \u00fcbrigen Teile in ihrem Inhalt und ihrer G\u00fcltigkeit davon unber\u00fchrt.<\/p>\n<p>Verbraucher:innen haben die M\u00f6glichkeit, eine Beschwerde \u00fcber die unter <a href=\"http:\/\/ec.europa.eu\/odr\" target=\"_blank\" rel=\"noopener\">http:\/\/ec.europa.eu\/odr<\/a> erreichbare europ\u00e4ische Online-Streitbeilegungsplattform einzubringen. Die Team NuBer GmbH ist nicht verpflichtet, an einem Streitbeilegungsverfahren vor einer Verbraucherschlichtungsstelle teilzunehmen.[\/vc_column_text][\/vc_column][\/vc_row]<\/p>\n<\/div>","protected":false},"excerpt":{"rendered":"<p>[vc_row][vc_column width=&#8221;1\/1&#8243;][vc_column_text uncode_shortcode_id=&#8221;312911&#8243;]https:\/\/www.yoss.eu.com https:\/\/instagram.com\/yoss.vision?igshid=MzRlODBiNWFlZA== https:\/\/www.tiktok.com\/@yourownsuccessstory https:\/\/www.facebook.com\/people\/YOSS\/100092508215199\/ https:\/\/twitter.com\/YOSS_eu_com https:\/\/www.youtube.com\/@yourownsuccessstory https:\/\/www.linkedin.com\/in\/yoss-your-own-success-story-6ab928286\/[\/vc_column_text][vc_column_text uncode_shortcode_id=&#8221;177451&#8243;]Medieninhaberin: Team NuBer GmbH Parkstra\u00dfe 4d 2522 Oberwaltersdorf UID-Nr. ATU74751459 FN [&hellip;]<\/p>\n","protected":false},"author":1,"featured_media":0,"parent":0,"menu_order":2,"comment_status":"closed","ping_status":"closed","template":"","meta":{"footnotes":""},"class_list":["post-117925","page","type-page","status-publish","hentry"],"_links":{"self":[{"href":"https:\/\/yoss.eu.com\/en\/wp-json\/wp\/v2\/pages\/117925","targetHints":{"allow":["GET"]}}],"collection":[{"href":"https:\/\/yoss.eu.com\/en\/wp-json\/wp\/v2\/pages"}],"about":[{"href":"https:\/\/yoss.eu.com\/en\/wp-json\/wp\/v2\/types\/page"}],"author":[{"embeddable":true,"href":"https:\/\/yoss.eu.com\/en\/wp-json\/wp\/v2\/users\/1"}],"replies":[{"embeddable":true,"href":"https:\/\/yoss.eu.com\/en\/wp-json\/wp\/v2\/comments?post=117925"}],"version-history":[{"count":3,"href":"https:\/\/yoss.eu.com\/en\/wp-json\/wp\/v2\/pages\/117925\/revisions"}],"predecessor-version":[{"id":118194,"href":"https:\/\/yoss.eu.com\/en\/wp-json\/wp\/v2\/pages\/117925\/revisions\/118194"}],"wp:attachment":[{"href":"https:\/\/yoss.eu.com\/en\/wp-json\/wp\/v2\/media?parent=117925"}],"curies":[{"name":"wp","href":"https:\/\/api.w.org\/{rel}","templated":true}]}}